{"id":6082,"date":"2021-03-18T16:40:39","date_gmt":"2021-03-18T15:40:39","guid":{"rendered":"https:\/\/digital.atlantiq.ch\/nsam-onepage\/?page_id=6082"},"modified":"2022-11-22T10:36:12","modified_gmt":"2022-11-22T09:36:12","slug":"rechtliche-hinweise","status":"publish","type":"page","link":"https:\/\/nsam.ch\/de\/rechtliche-hinweise\/","title":{"rendered":"Rechtliche Hinweise"},"content":{"rendered":"\n<p>Die Inhalte dieser Webseite sind nur f\u00fcr Personen bestimmt, deren Gerichtsstand den Zugang zu dieser Website erlaubt. Anderen Personen, insbesondere Personen mit US Status ist der Zugang zu dieser Website nicht gestattet.<\/p>\n\n\n\n<p>Informationen auf dieser Webseite stellen weder ein Angebot noch eine Aufforderung zum Handel in Finanz- oder anderen Anlagen dar. Nords\u00fcd Asset Management AG publiziert auf dieser Webseite Meinungen und Prognosen, f\u00fcr deren Verwirklichung in der Zukunft keinerlei Haftung \u00fcbernommen werden kann. Positive Wertentwicklungen von Anlagen in der Vergangenheit stellen keine Zusicherung f\u00fcr eine zuk\u00fcnftige positive Wertentwicklung dar.&nbsp;<\/p>\n\n\n\n<p>Nords\u00fcd Asset Management AG haftet weder f\u00fcr die Verwendung der Informationen auf dieser Webseite noch f\u00fcr Folgesch\u00e4den, die sich aus der Verwendung von Informationen aus dieser Webseite entstehen k\u00f6nnten.<\/p>\n\n\n\n<p>Nords\u00fcd Asset Management AG leistet keine Gew\u00e4hr daf\u00fcr, dass diese Webseite frei von Viren oder anderen sch\u00e4dlichen Elementen ist.<\/p>\n\n\n\n<p>Die Inhalte dieser Webseite k\u00f6nnen jederzeit ohne Vorank\u00fcndigung ver\u00e4ndert oder gel\u00f6scht werden. Nords\u00fcd Asset Management AG haftet nicht f\u00fcr allf\u00e4llig fehlerhafte oder unvollst\u00e4ndige Informationen und auch nicht f\u00fcr Inhalte, auf die diese Webseite (<a href=\"http:\/\/www.nsam.ch\/de\">www.nsam.ch<\/a>) verlinkt.<\/p>\n\n\n\n<p>Die Inhalte dieser Webseite sind urheberrechtlich gesch\u00fctzt und die Produktenamen und Logos sind eingetragene Warenzeichen im Eigentum der jeweiligen Inhaber der Rechte.<\/p>\n","protected":false},"excerpt":{"rendered":"<p>Die Inhalte dieser Webseite sind nur f\u00fcr Personen bestimmt, deren Gerichtsstand den Zugang zu dieser Website erlaubt. Anderen Personen, insbesondere [&hellip;]<\/p>\n","protected":false},"author":1,"featured_media":0,"parent":0,"menu_order":2,"comment_status":"closed","ping_status":"closed","template":"","meta":{"_acf_changed":false,"footnotes":""},"class_list":["post-6082","page","type-page","status-publish","hentry"],"acf":[],"_links":{"self":[{"href":"https:\/\/nsam.ch\/de\/wp-json\/wp\/v2\/pages\/6082","targetHints":{"allow":["GET"]}}],"collection":[{"href":"https:\/\/nsam.ch\/de\/wp-json\/wp\/v2\/pages"}],"about":[{"href":"https:\/\/nsam.ch\/de\/wp-json\/wp\/v2\/types\/page"}],"author":[{"embeddable":true,"href":"https:\/\/nsam.ch\/de\/wp-json\/wp\/v2\/users\/1"}],"replies":[{"embeddable":true,"href":"https:\/\/nsam.ch\/de\/wp-json\/wp\/v2\/comments?post=6082"}],"version-history":[{"count":1,"href":"https:\/\/nsam.ch\/de\/wp-json\/wp\/v2\/pages\/6082\/revisions"}],"predecessor-version":[{"id":6174,"href":"https:\/\/nsam.ch\/de\/wp-json\/wp\/v2\/pages\/6082\/revisions\/6174"}],"wp:attachment":[{"href":"https:\/\/nsam.ch\/de\/wp-json\/wp\/v2\/media?parent=6082"}],"curies":[{"name":"wp","href":"https:\/\/api.w.org\/{rel}","templated":true}]}}