{"id":5588,"date":"2021-02-11T09:41:26","date_gmt":"2021-02-11T09:41:26","guid":{"rendered":"http:\/\/digital.atlantiq.ch\/nsam-onepage\/?page_id=5588"},"modified":"2023-11-13T15:43:34","modified_gmt":"2023-11-13T14:43:34","slug":"datenschutz","status":"publish","type":"page","link":"https:\/\/nsam.ch\/de\/datenschutz\/","title":{"rendered":"Datenschutz"},"content":{"rendered":"\n<h3 class=\"wp-block-heading\">ZWECK DER DATENSCHUTZERKL\u00c4RUNG<\/h3>\n\n\n\n<p>Bei einem Kontakt mit der Nords\u00fcd Asset Management AG werden i. d. R. auch personenbezogene Daten verarbeitet, die unter das Datenschutzgesetz (DSG) und die Verordnung \u00fcber den Datenschutz (DSV) fallen. Zu diesen Daten geh\u00f6ren typischerweise Name, Mail-Adresse, Telefonnummer sowie personenbezogene Informationen, die im Zusammenhang mit vertraglichen Beziehungen mit uns stehen. Zudem sind technische Daten, die einer Person zugeordnet werden k\u00f6nnen, als personenbezogene Daten anzusehen.<\/p>\n\n\n\n<p>Gest\u00fctzt auf Artikel 13 der schweizerischen Bundesverfassung und den datenschutzrechtlichen Bestimmungen des Bundes (Datenschutzgesetz, DSG) hat jede Person Anspruch auf Schutz ihrer Privatsph\u00e4re sowie auf Schutz vor Missbrauch ihrer pers\u00f6nlichen Daten. Die Betreiber dieser Seiten nehmen den Schutz Ihrer pers\u00f6nlichen Daten sehr ernst. Wir behandeln Ihre personenbezogenen Daten vertraulich und entsprechend der gesetzlichen Datenschutzvorschriften sowie dieser Datenschutzerkl\u00e4rung.<\/p>\n\n\n\n<p>Die vorliegende Datenschutzerkl\u00e4rung kl\u00e4rt \u00fcber die Art, den Umfang und den Zweck der Bearbeitung personenbezogener Daten durch uns auf.<\/p>\n\n\n\n<h4 class=\"wp-block-heading\">RECHTSGRUNDLAGE<\/h4>\n\n\n\n<p>Rechtsgrundlage unserer Datenverarbeitung sind namentlich Art. 5\u20139 DSG (\u00abBegriffe und Grunds\u00e4tze\u00bb).<\/p>\n\n\n\n<p>Die Inhalte dieser Webseite sind nur f\u00fcr Personen bestimmt, deren Gerichtsstand den Zugang zu dieser Website erlaubt. Anderen Personen, insbesondere Personen mit US-Status ist der Zugang zu dieser Website nicht gestattet.<\/p>\n\n\n\n<p>Informationen auf dieser Webseite stellen weder ein Angebot noch eine Aufforderung zum Handel in Finanz- oder anderen Anlagen dar. Nords\u00fcd Asset Management AG publiziert auf dieser Webseite Meinungen und Prognosen, f\u00fcr deren Verwirklichung in der Zukunft keinerlei Haftung \u00fcbernommen werden kann. Positive Wertentwicklungen von Anlagen in der Vergangenheit stellen keine Zusicherung f\u00fcr eine zuk\u00fcnftige positive Wertentwicklung dar.<\/p>\n\n\n\n<p>Um die verwalteten Daten gem\u00e4ss dem aktuellen Stand der Technik gegen Manipulationen, Verlust, Zerst\u00f6rung oder gegen den Zugriff unberechtigter Personen zu sch\u00fctzen, setzen wir moderne technische Sicherheitsmassnahmen ein und verbessern diese fortlaufend.<\/p>\n\n\n\n<h4 class=\"wp-block-heading\">IHRE RECHTE<\/h4>\n\n\n\n<p>Sie haben das Recht, Auskunft \u00fcber Ihre von uns verarbeiteten personenbezogenen Daten zu verlangen. Insbesondere k\u00f6nnen Sie Auskunft \u00fcber die Verarbeitungszwecke, die Kategorien der personenbezogenen Daten, die Kategorien von Empf\u00e4ngern, gegen\u00fcber denen Ihre Daten offengelegt wurden oder werden, die geplante Speicherdauer, das Bestehen eines Rechts auf Berichtigung, L\u00f6schung, Einschr\u00e4nkung der Verarbeitung oder Widerspruch, Daten\u00fcbertragung, die Herkunft Ihrer Daten, sofern diese nicht bei uns erhoben wurden, sowie \u00fcber das Bestehen einer automatisierten Entscheidungsfindung einschliesslich Profiling verlangen.<\/p>\n\n\n\n<p>Sie haben auch das Recht, eine allenfalls erteilte Einwilligung zur Nutzung Ihrer personenbezogenen Daten jederzeit zu widerrufen.<\/p>\n\n\n\n<p>Sie k\u00f6nnen Ihre genannten Rechte jederzeit bei uns geltend machen unter der angegebenen Kontaktadresse.<\/p>\n\n\n\n<h4 class=\"wp-block-heading\">COOKIES<\/h4>\n\n\n\n<p>Cookies sind Daten, die von unserer Website \u00fcber den Browser auf dem Endger\u00e4t des Anwenders gespeichert werden. Die von uns eingesetzten Cookies dienen zum einen dazu, die Benutzerfreundlichkeit unserer Website zu erh\u00f6hen und zu verbessern. Zum anderen helfen Cookies dabei, statistische Daten der Website-Nutzung zu erfassen und die so gewonnenen Daten zu Analyse- und Werbezwecken zu nutzen.<\/p>\n\n\n\n<p>Einige Cookies werden automatisch wieder von Ihrem Endger\u00e4t gel\u00f6scht, sobald der Browser geschlossen wird (sogenanntes Session-Cookie). Andere Cookies werden f\u00fcr einen bestimmten Zeitraum gespeichert, der jeweils 2 Jahre nicht \u00fcbersteigt (Persistent-Cookies). Zu- dem setzen wir ggf. auch sogenannte Third-Party-Cookies ein, die von Dritten verwaltet werden, um bestimmte Dienste anzubieten.<\/p>\n\n\n\n<p>Sie k\u00f6nnen auf den Einsatz der Cookies Einfluss nehmen. Die meisten Browser verf\u00fcgen \u00fcber eine Option, mit der das Speichern von Cookies eingeschr\u00e4nkt oder komplett verhindert wird. Allerdings weisen wir darauf hin, dass die Nutzung und insbesondere der Nutzungskomfort ohne Cookies eingeschr\u00e4nkt werden. Im Weiteren k\u00f6nnen Nutzer die Cookies beim Besuch auf der Website \u00fcber den betreffenden Hinweis anpassen.<\/p>\n\n\n\n<h4 class=\"wp-block-heading\">HOSTING<\/h4>\n\n\n\n<p>Beim Zugriff auf die Website werden Daten wie IP-Adresse, Datum, Uhrzeit, Browser-Anfrage und allg. \u00fcbertragene Informationen zum Betriebssystem resp. Browser bei unserem Hosting-Provider gespeichert. Diese Nutzungsdaten bilden die Basis f\u00fcr statistische, anonyme Auswertungen. Bitte beachten Sie auch die <a href=\"https:\/\/www.cyon.ch\/legal\/datenschutzerklaerung\" target=\"_blank\" rel=\"noreferrer noopener\">Datenschutzerkl\u00e4rung<\/a> unseres Providers. Die Daten sind auf Servern mit Standort Schweiz gespeichert und unterstehen den strengen datenschutzrechtlichen Bestimmungen des Bundes (Datenschutzgesetz, DSG).<\/p>\n\n\n\n<h4 class=\"wp-block-heading\">ZUGRIFFSDATEN<\/h4>\n\n\n\n<p>Nords\u00fcd Asset Management AG erhebt Daten \u00fcber Zugriffe auf die Seite und speichert diese als \u00abServer-Logfiles\u00bb ab. Folgende Daten werden so protokolliert:<\/p>\n\n\n\n<ul class=\"wp-block-list\">\n<li>Besuchte Website<\/li>\n\n\n\n<li>IP-Adresse des Nutzers<\/li>\n\n\n\n<li>Datum und Uhrzeit des Zugriffs<\/li>\n\n\n\n<li>Meldung \u00fcber erfolgreichen Abruf<\/li>\n\n\n\n<li>Verwendeter Browse<\/li>\n\n\n\n<li>Verwendetes Betriebssystem<\/li>\n\n\n\n<li>Verwendete IP-Adresse<\/li>\n<\/ul>\n\n\n\n<p>Server-Logfiles werden nicht mit anderen personenbezogenen Daten zusammengef\u00fchrt. Server-Logfiles erheben wir zu dem Zweck, die Website administrieren, verbessern und unautorisierte Zugriffe erkennen und abwehren zu k\u00f6nnen. Server-Logfiles werden von unseren Auftragsbearbeitern (IT-Dienstleistern) erhoben und ausgewertet.<\/p>\n\n\n\n<p>Die Server-Logfiles mit den oben genannten Daten werden nach sp\u00e4testens 6 Monaten gel\u00f6scht, sofern kein berechtigtes Interesse bzw. ein serviceorientiertes Anliegen vorliegt. Wir behalten uns vor, die Server-Logfiles l\u00e4nger zu speichern, wenn Tatsachen vorliegen, welche die Annahme eines unzul\u00e4ssigen Zugriffs nahelegen.<\/p>\n\n\n\n<h4 class=\"wp-block-heading\">SSL-\/TLS-VERSCHL\u00dcSSELUNG<\/h4>\n\n\n\n<p>Diese Website nutzt aus Gr\u00fcnden der Sicherheit und zum Schutz der \u00dcbertragung vertraulicher Inhalte, wie zum Beispiel der Anfragen, die Sie an uns als Seitenbetreiber senden, eine SSL-\/TLS-Verschl\u00fcsselung. Eine verschl\u00fcsselte Verbindung erkennen Sie daran, dass die Adresszeile des Browsers von \u00abhttp:\/\/\u00bb auf \u00abhttps:\/\/\u00bb wechselt und an dem Schloss-Symbol in Ihrer Browserzeile.<\/p>\n\n\n\n<p>Wenn die SSL bzw. TLS-Verschl\u00fcsselung aktiviert ist, k\u00f6nnen die Daten, die Sie an uns \u00fcbermitteln, nicht von Dritten mitgelesen werden.<\/p>\n\n\n\n<h4 class=\"wp-block-heading\">FONT AWESOME<\/h4>\n\n\n\n<p>Unsere Website verwendet zur einheitlichen Darstellung von Schriftarten bzw. Icons so genannte Web Fonts bzw. Icons, die von Fonticons, Inc. bereitgestellt werden. Beim Aufruf einer Seite l\u00e4dt Ihr Browser die ben\u00f6tigten Web Fonts bzw. Icons in ihren Browsercache, um Texte, Schriftarten und Icons korrekt anzuzeigen.<\/p>\n\n\n\n<p>Zu diesem Zweck muss der von Ihnen verwendete Browser Verbindung zu den Servern von Fonticons, Inc. aufnehmen. Hierdurch erlangt Fonticons, Inc. Kenntnis dar\u00fcber, dass \u00fcber Ihre IP-Adresse unsere Website aufgerufen wurde. Die Nutzung von Font Awesome erfolgt im Interesse einer einheitlichen und ansprechenden Darstellung unserer Online-Angebote. Dies stellt ein berechtigtes Interesse im Sinne von Art. 6 Abs. 1 lit. f DSGVO dar.<\/p>\n\n\n\n<p>Wenn Ihr Browser Font Awesome nicht unterst\u00fctzt, wird eine Standardschrift von Ihrem Computer genutzt. Weitere Informationen zu Font Awesome finden Sie unter https:\/\/fontawesome.com\/help und in der Datenschutzerkl\u00e4rung von Fonticons, Inc.: <a href=\"https:\/\/fontawesome.com\/privacy\" target=\"_blank\" rel=\"noreferrer noopener\">https:\/\/fontawesome.com\/privacy<\/a>.<\/p>\n\n\n\n<h4 class=\"wp-block-heading\">MYFONTS<\/h4>\n\n\n\n<p>Auf dieser Website nutzen wir MyFonts Counter, einen Webanalysedienst der MyFonts Inc., 500 Unicorn Park Drive, Woburn, MA 01801, USA. Aufgrund der Lizenzbestimmungen wird ein Page-View-Tracking durchgef\u00fchrt, indem die Anzahl der Besuche der Webseite zu statistischen Zwecken gez\u00e4hlt und an MyFonts \u00fcbermittelt werden. MyFonts erhebt dabei lediglich anonymisierte Daten. Die Weitergabe der Daten erfolgt gegebenenfalls durch die Aktivierung von Java-Script-Code in Ihrem Browser. Weitere Informationen zu MyFonts Counter finden Sie in den <a href=\"https:\/\/www.monotype.com\/legal\/terms-and-conditions-of-business\/#Privacy\" target=\"_blank\" rel=\"noreferrer noopener\">Datenschutzhinweisen von MyFonts<\/a>.<\/p>\n\n\n\n<h4 class=\"wp-block-heading\">GOOGLE FONTS<\/h4>\n\n\n\n<p>Wir verwenden Google Fonts der Firma Google Inc. (1600 Amphitheatre Parkway Mountain View, CA 94043, USA) auf unserer Website.<\/p>\n\n\n\n<p>F\u00fcr die Verwendung von Google-Schriftarten m\u00fcssen Sie sich nicht anmelden bzw. ein Passwort hinterlegen. Weiters werden auch keine Cookies in Ihrem Browser gespeichert. Die Dateien (CSS, Schriftarten\/Fonts) werden \u00fcber die Google-Domains fonts.googleapis.com und fonts.gstatic.com angefordert. Laut Google sind die Anfragen nach CSS und Schriften vollkommen getrennt von allen anderen Google-Diensten. Wenn Sie ein Google-Konto haben, brauchen Sie keine Sorge haben, dass Ihre Google-Kontodaten, w\u00e4hrend der Verwendung von Google Fonts, an Google \u00fcbermittelt werden. Google erfasst die Nutzung von CSS (Cascading Style Sheets) und der verwendeten Schriftarten und speichert diese Daten sicher. Wie die Datenspeicherung genau aussieht, werden wir uns noch im Detail ansehen.<\/p>\n\n\n\n<h4 class=\"wp-block-heading\">GOOGLE MAPS<\/h4>\n\n\n\n<p>Diese Website nutzt das Angebot von Google Maps. Dadurch k\u00f6nnen wir Ihnen interaktive Karten direkt in der Website anzeigen und erm\u00f6glichen Ihnen die komfortable Nutzung der Karten-Funktion. Durch den Besuch auf der Website erh\u00e4lt Google die Information, dass Sie die entsprechende Unterseite unserer Website aufgerufen haben. Dies erfolgt unabh\u00e4ngig davon, ob Google ein Nutzerkonto bereitstellt, \u00fcber das Sie eingeloggt sind, oder ob kein Nutzerkonto besteht. Wenn Sie bei Google eingeloggt sind, werden Ihre Daten direkt Ihrem Konto zugeordnet. Wenn Sie die Zuordnung mit Ihrem Profil bei Google nicht w\u00fcnschen, m\u00fcssen Sie sich vor Aktivierung des Buttons ausloggen. Google speichert Ihre Daten als Nutzungsprofile und nutzt sie f\u00fcr Zwecke der Werbung, Marktforschung und\/oder bedarfsgerechten Gestaltung seiner Website. Eine solche Auswertung erfolgt insbesondere (selbst f\u00fcr nicht eingeloggte Nutzer) zur Erbringung von bedarfsgerechter Werbung und um andere Nutzer des sozialen Netzwerks \u00fcber Ihre Aktivit\u00e4ten auf unserer Website zu informieren. Ihnen steht ein Widerspruchsrecht zu gegen die Bildung dieser Nutzerprofile, wobei Sie sich zur Aus\u00fcbung dessen an Google richten m\u00fcssen. Weitere Informationen zu Zweck und Umfang der Datenerhebung und ihrer Verarbeitung durch Google erhalten Sie neben weiteren Informationen zu Ihren diesbez\u00fcglichen Rechten und Einstellungsm\u00f6glichkeiten zum Schutze Ihrer Privatsph\u00e4re unter: <a href=\"https:\/\/www.google.de\/intl\/de\/policies\/privacy\" target=\"_blank\" rel=\"noreferrer noopener\">www.google.de\/intl\/de\/policies\/privacy<\/a>.<\/p>\n\n\n\n<h4 class=\"wp-block-heading\">KONTAKTFORMULAR<\/h4>\n\n\n\n<p>Personendaten aus digitalen Kontaktformularen werden innert 1 Monats von unseren Webservern gel\u00f6scht. Der weitere Verlauf erfolgt via E-Mail (siehe oben), Telefon oder pers\u00f6nlichen Kontakt.<\/p>\n\n\n\n<h4 class=\"wp-block-heading\">URHEBERRECHTE<\/h4>\n\n\n\n<p>Die Urheber- und alle anderen Rechte an Inhalten, Bildern, Fotos oder anderen Dateien auf der Website, geh\u00f6ren ausschliesslich dem Betreiber dieser Website oder den speziell genannten Rechteinhabern. F\u00fcr die Reproduktion von s\u00e4mtlichen Dateien, ist die schriftliche Zustimmung des Urheberrechtstr\u00e4gers im Voraus einzuholen.<\/p>\n\n\n\n<p>Wer ohne Einwilligung des jeweiligen Rechteinhabers eine Urheberrechtsverletzung begeht, kann sich strafbar und allenfalls schadenersatzpflichtig machen.<\/p>\n\n\n\n<h4 class=\"wp-block-heading\">\u00c4NDERUNGEN<\/h4>\n\n\n\n<p>Wir k\u00f6nnen diese Datenschutzerkl\u00e4rung jederzeit ohne Vorank\u00fcndigung anpassen. Es gilt die jeweils aktuelle, auf unserer Website publizierte Fassung. Soweit die Datenschutzerkl\u00e4rung Teil einer Vereinbarung mit Ihnen ist, werden wir Sie im Falle einer Aktualisierung \u00fcber die \u00c4nderung per E-Mail oder auf andere geeignete Weise informieren.<\/p>\n\n\n\n<h4 class=\"wp-block-heading\">VERANTWORTLICH<\/h4>\n\n\n\n<p>Name und Anschrift des Verantwortlichen und des Datenschutzbeauftragten im Sinne der Datenschutz-Grundverordnung (DSGVO) ist:<\/p>\n\n\n\n<p>Nords\u00fcd Asset Management AG<br>Rennweg 27<br>CH-8001 Z\u00fcrich<\/p>\n\n\n\n<p>Tel. +41 44 250 44 88<br>info@nsam.ch<\/p>\n\n\n\n<p>Z\u00fcrich, 13.11.2023<\/p>\n","protected":false},"excerpt":{"rendered":"<p>ZWECK DER DATENSCHUTZERKL\u00c4RUNG Bei einem Kontakt mit der Nords\u00fcd Asset Management AG werden i. d. R. auch personenbezogene Daten verarbeitet, [&hellip;]<\/p>\n","protected":false},"author":1,"featured_media":0,"parent":0,"menu_order":2,"comment_status":"closed","ping_status":"closed","template":"","meta":{"_acf_changed":false,"footnotes":""},"class_list":["post-5588","page","type-page","status-publish","hentry"],"acf":[],"_links":{"self":[{"href":"https:\/\/nsam.ch\/de\/wp-json\/wp\/v2\/pages\/5588","targetHints":{"allow":["GET"]}}],"collection":[{"href":"https:\/\/nsam.ch\/de\/wp-json\/wp\/v2\/pages"}],"about":[{"href":"https:\/\/nsam.ch\/de\/wp-json\/wp\/v2\/types\/page"}],"author":[{"embeddable":true,"href":"https:\/\/nsam.ch\/de\/wp-json\/wp\/v2\/users\/1"}],"replies":[{"embeddable":true,"href":"https:\/\/nsam.ch\/de\/wp-json\/wp\/v2\/comments?post=5588"}],"version-history":[{"count":1,"href":"https:\/\/nsam.ch\/de\/wp-json\/wp\/v2\/pages\/5588\/revisions"}],"predecessor-version":[{"id":6185,"href":"https:\/\/nsam.ch\/de\/wp-json\/wp\/v2\/pages\/5588\/revisions\/6185"}],"wp:attachment":[{"href":"https:\/\/nsam.ch\/de\/wp-json\/wp\/v2\/media?parent=5588"}],"curies":[{"name":"wp","href":"https:\/\/api.w.org\/{rel}","templated":true}]}}